{"id":19,"date":"2025-09-04T12:37:22","date_gmt":"2025-09-04T12:37:22","guid":{"rendered":"http:\/\/toaslovakia.sk\/?page_id=19"},"modified":"2026-03-19T15:52:00","modified_gmt":"2026-03-19T15:52:00","slug":"kontakt","status":"publish","type":"page","link":"http:\/\/toaslovakia.sk\/kontakt\/","title":{"rendered":"Kontakt"},"content":{"rendered":"<p>[et_pb_section fb_built=&#8220;1&#8243; _builder_version=&#8220;4.27.4&#8243; _module_preset=&#8220;default&#8220; global_colors_info=&#8220;{}&#8220;][et_pb_row _builder_version=&#8220;4.27.4&#8243; _module_preset=&#8220;default&#8220; global_colors_info=&#8220;{}&#8220;][et_pb_column type=&#8220;4_4&#8243; _builder_version=&#8220;4.27.4&#8243; _module_preset=&#8220;default&#8220; global_colors_info=&#8220;{}&#8220;][et_pb_text _builder_version=&#8220;4.27.4&#8243; _module_preset=&#8220;default&#8220; hover_enabled=&#8220;0&#8243; global_colors_info=&#8220;{}&#8220; sticky_enabled=&#8220;0&#8243;]<\/p>\n<div class=\"vc_custom_heading_wrap \">\n<div class=\"heading-text el-text right-t-left animate_when_almost_visible start_animation\">\n<h3 class=\"h3\"><span>TSS Group a. s., DUBNICA NAD V\u00c1HOM<\/span><\/h3>\n<\/div>\n<div class=\"clear\"><\/div>\n<\/div>\n<div class=\"uncode_text_column right-t-left animate_when_almost_visible start_animation\" data-delay=\"100\">\n<p><strong>Adresa:<\/strong><br \/>Tov\u00e1rensk\u00e1 4201\/50<br \/>018 41 Dubnica nad V\u00e1hom<\/p>\n<p><strong>Kontakt:<\/strong><br \/>Tel.: +421 32 744 59 21<br \/>e-mail: <a href=\"mailto:tssgroup@tssgroup.sk\">tssgroup@tssgroup.sk<\/a><\/p>\n<p><strong>Otv\u00e1racie hodiny:<\/strong><br \/>pondelok \u2013 piatok<br \/>7.30 \u2013 16.30<\/p>\n<\/div>\n<p>[\/et_pb_text][et_pb_divider _builder_version=&#8220;4.27.4&#8243; _module_preset=&#8220;default&#8220; hover_enabled=&#8220;0&#8243; sticky_enabled=&#8220;0&#8243;][\/et_pb_divider][et_pb_text _builder_version=&#8220;4.27.4&#8243; _module_preset=&#8220;default&#8220; hover_enabled=&#8220;0&#8243; global_colors_info=&#8220;{}&#8220; sticky_enabled=&#8220;0&#8243;]<\/p>\n<div class=\"vc_custom_heading_wrap \">\n<div class=\"heading-text el-text right-t-left animate_when_almost_visible start_animation\">\n<div class=\"vc_custom_heading_wrap \">\n<div class=\"heading-text el-text right-t-left animate_when_almost_visible start_animation\">\n<h3 class=\"h3\"><span>TSS Group a. s., BRATISLAVA<\/span><\/h3>\n<\/div>\n<div class=\"clear\"><\/div>\n<\/div>\n<div class=\"uncode_text_column right-t-left animate_when_almost_visible start_animation\" data-delay=\"100\">\n<p><strong>Adresa:<\/strong><br \/>Mlynsk\u00e9 Nivy 58<br \/>821\u00a005 Bratislava<\/p>\n<p><strong>Kontakt:<\/strong><br \/>Tel.: +421 2 534 174 15<br \/>e-mail: <a href=\"mailto:bratislava@tssgroup.sk\">bratislava@tssgroup.sk<\/a><\/p>\n<p><strong>Otv\u00e1racie hodiny:<\/strong><br \/>pondelok \u2013 piatok<br \/>8.00 \u2013 16.30<\/p>\n<\/div>\n<\/div>\n<\/div>\n<p>[\/et_pb_text][et_pb_divider _builder_version=&#8220;4.27.4&#8243; _module_preset=&#8220;default&#8220; hover_enabled=&#8220;0&#8243; sticky_enabled=&#8220;0&#8243;][\/et_pb_divider][et_pb_text _builder_version=&#8220;4.27.4&#8243; _module_preset=&#8220;default&#8220; hover_enabled=&#8220;0&#8243; global_colors_info=&#8220;{}&#8220; sticky_enabled=&#8220;0&#8243;]<\/p>\n<div class=\"vc_custom_heading_wrap \">\n<div class=\"heading-text el-text right-t-left animate_when_almost_visible start_animation\">\n<div class=\"vc_custom_heading_wrap \">\n<div class=\"heading-text el-text right-t-left animate_when_almost_visible start_animation\">\n<h3 class=\"h3\"><span>TSS Group a. s., KO\u0160ICE<\/span><\/h3>\n<\/div>\n<div class=\"clear\"><\/div>\n<\/div>\n<div class=\"uncode_text_column right-t-left animate_when_almost_visible start_animation\" data-delay=\"100\">\n<p><strong>Adresa:<\/strong><br \/>Rozvojov\u00e1 2<br \/>040 11 Ko\u0161ice<\/p>\n<p><strong>Kontakt:<\/strong><br \/>Tel.: +421 55 381 29 07<br \/>e-mail: <a href=\"mailto:kosice@tssgroup.sk\">kosice@tssgroup.sk<\/a><\/p>\n<p><strong>Otv\u00e1racie hodiny:<\/strong><br \/>pondelok \u2013 piatok<br \/>8.00 \u2013 16.30<\/p>\n<\/div>\n<\/div>\n<\/div>\n<p>[\/et_pb_text][\/et_pb_column][\/et_pb_row][\/et_pb_section]<\/p>\n","protected":false},"excerpt":{"rendered":"<p>TSS Group a. s., DUBNICA NAD V\u00c1HOM Adresa:Tov\u00e1rensk\u00e1 4201\/50018 41 Dubnica nad V\u00e1hom Kontakt:Tel.: +421 32 744 59 21e-mail: tssgroup@tssgroup.sk Otv\u00e1racie hodiny:pondelok \u2013 piatok7.30 \u2013 16.30 TSS Group a. s., BRATISLAVA Adresa:Mlynsk\u00e9 Nivy 58821\u00a005 Bratislava Kontakt:Tel.: +421 2 534 174 15e-mail: bratislava@tssgroup.sk Otv\u00e1racie hodiny:pondelok \u2013 piatok8.00 \u2013 16.30 TSS Group a. s., KO\u0160ICE Adresa:Rozvojov\u00e1 2040 [&hellip;]<\/p>\n","protected":false},"author":2,"featured_media":0,"parent":0,"menu_order":0,"comment_status":"closed","ping_status":"closed","template":"","meta":{"_et_pb_use_builder":"on","_et_pb_old_content":"","_et_gb_content_width":"","footnotes":""},"class_list":["post-19","page","type-page","status-publish","hentry"],"_links":{"self":[{"href":"http:\/\/toaslovakia.sk\/wp-json\/wp\/v2\/pages\/19","targetHints":{"allow":["GET"]}}],"collection":[{"href":"http:\/\/toaslovakia.sk\/wp-json\/wp\/v2\/pages"}],"about":[{"href":"http:\/\/toaslovakia.sk\/wp-json\/wp\/v2\/types\/page"}],"author":[{"embeddable":true,"href":"http:\/\/toaslovakia.sk\/wp-json\/wp\/v2\/users\/2"}],"replies":[{"embeddable":true,"href":"http:\/\/toaslovakia.sk\/wp-json\/wp\/v2\/comments?post=19"}],"version-history":[{"count":4,"href":"http:\/\/toaslovakia.sk\/wp-json\/wp\/v2\/pages\/19\/revisions"}],"predecessor-version":[{"id":156,"href":"http:\/\/toaslovakia.sk\/wp-json\/wp\/v2\/pages\/19\/revisions\/156"}],"wp:attachment":[{"href":"http:\/\/toaslovakia.sk\/wp-json\/wp\/v2\/media?parent=19"}],"curies":[{"name":"wp","href":"https:\/\/api.w.org\/{rel}","templated":true}]}}